{"id":18,"date":"2019-07-02T05:11:45","date_gmt":"2019-07-02T05:11:45","guid":{"rendered":"http:\/\/golgekopekciftligi.com\/?page_id=18"},"modified":"2023-09-20T13:49:48","modified_gmt":"2023-09-20T13:49:48","slug":"hakkimizda","status":"publish","type":"page","link":"https:\/\/golgekopekciftligi.com\/?page_id=18","title":{"rendered":"Services"},"content":{"rendered":"\t\t<div data-elementor-type=\"wp-post\" data-elementor-id=\"18\" class=\"elementor elementor-18\">\n\t\t\t\t\t\t\t\t\t<section class=\"elementor-section elementor-top-section elementor-element elementor-element-592a984 elementor-section-boxed elementor-section-height-default elementor-section-height-default\" data-id=\"592a984\" data-element_type=\"section\">\n\t\t\t\t\t\t<div class=\"elementor-container elementor-column-gap-default\">\n\t\t\t\t\t<div class=\"elementor-column elementor-col-100 elementor-top-column elementor-element elementor-element-e50dbdb\" data-id=\"e50dbdb\" data-element_type=\"column\">\n\t\t\t<div class=\"elementor-widget-wrap elementor-element-populated\">\n\t\t\t\t\t\t\t\t<section class=\"elementor-section elementor-inner-section elementor-element elementor-element-fb891fb elementor-section-boxed elementor-section-height-default elementor-section-height-default\" data-id=\"fb891fb\" data-element_type=\"section\">\n\t\t\t\t\t\t<div class=\"elementor-container elementor-column-gap-default\">\n\t\t\t\t\t<div class=\"elementor-column elementor-col-50 elementor-inner-column elementor-element elementor-element-88ca03f\" data-id=\"88ca03f\" data-element_type=\"column\">\n\t\t\t<div class=\"elementor-widget-wrap elementor-element-populated\">\n\t\t\t\t\t\t\t\t<div class=\"elementor-element elementor-element-2957c17 elementor-widget elementor-widget-image\" data-id=\"2957c17\" data-element_type=\"widget\" data-widget_type=\"image.default\">\n\t\t\t\t<div class=\"elementor-widget-container\">\n\t\t\t<style>\/*! elementor - v3.18.0 - 20-12-2023 *\/\n.elementor-widget-image{text-align:center}.elementor-widget-image a{display:inline-block}.elementor-widget-image a img[src$=\".svg\"]{width:48px}.elementor-widget-image img{vertical-align:middle;display:inline-block}<\/style>\t\t\t\t\t\t\t\t\t\t\t\t<img fetchpriority=\"high\" decoding=\"async\" width=\"1024\" height=\"715\" src=\"https:\/\/golgekopekciftligi.com\/wp-content\/uploads\/2023\/02\/WhatsApp-Image-2023-01-26-at-12.37.04-1-1024x715.jpeg\" class=\"attachment-large size-large wp-image-805\" alt=\"\" srcset=\"https:\/\/golgekopekciftligi.com\/wp-content\/uploads\/2023\/02\/WhatsApp-Image-2023-01-26-at-12.37.04-1-1024x715.jpeg 1024w, https:\/\/golgekopekciftligi.com\/wp-content\/uploads\/2023\/02\/WhatsApp-Image-2023-01-26-at-12.37.04-1-300x210.jpeg 300w, https:\/\/golgekopekciftligi.com\/wp-content\/uploads\/2023\/02\/WhatsApp-Image-2023-01-26-at-12.37.04-1-768x537.jpeg 768w, https:\/\/golgekopekciftligi.com\/wp-content\/uploads\/2023\/02\/WhatsApp-Image-2023-01-26-at-12.37.04-1.jpeg 1085w\" sizes=\"(max-width: 1024px) 100vw, 1024px\" \/>\t\t\t\t\t\t\t\t\t\t\t\t\t\t\t<\/div>\n\t\t\t\t<\/div>\n\t\t\t\t\t<\/div>\n\t\t<\/div>\n\t\t\t\t<div class=\"elementor-column elementor-col-50 elementor-inner-column elementor-element elementor-element-d20c636\" data-id=\"d20c636\" data-element_type=\"column\">\n\t\t\t<div class=\"elementor-widget-wrap elementor-element-populated\">\n\t\t\t\t\t\t\t\t<div class=\"elementor-element elementor-element-8a943dd elementor-widget elementor-widget-heading\" data-id=\"8a943dd\" data-element_type=\"widget\" data-widget_type=\"heading.default\">\n\t\t\t\t<div class=\"elementor-widget-container\">\n\t\t\t<style>\/*! elementor - v3.18.0 - 20-12-2023 *\/\n.elementor-heading-title{padding:0;margin:0;line-height:1}.elementor-widget-heading .elementor-heading-title[class*=elementor-size-]>a{color:inherit;font-size:inherit;line-height:inherit}.elementor-widget-heading .elementor-heading-title.elementor-size-small{font-size:15px}.elementor-widget-heading .elementor-heading-title.elementor-size-medium{font-size:19px}.elementor-widget-heading .elementor-heading-title.elementor-size-large{font-size:29px}.elementor-widget-heading .elementor-heading-title.elementor-size-xl{font-size:39px}.elementor-widget-heading .elementor-heading-title.elementor-size-xxl{font-size:59px}<\/style><h2 class=\"elementor-heading-title elementor-size-default\">G\u00f6lge K\u00f6pek \u00c7itli\u011fi<\/h2>\t\t<\/div>\n\t\t\t\t<\/div>\n\t\t\t\t<div class=\"elementor-element elementor-element-4b8b94f elementor-widget elementor-widget-text-editor\" data-id=\"4b8b94f\" data-element_type=\"widget\" data-widget_type=\"text-editor.default\">\n\t\t\t\t<div class=\"elementor-widget-container\">\n\t\t\t<style>\/*! elementor - v3.18.0 - 20-12-2023 *\/\n.elementor-widget-text-editor.elementor-drop-cap-view-stacked .elementor-drop-cap{background-color:#69727d;color:#fff}.elementor-widget-text-editor.elementor-drop-cap-view-framed .elementor-drop-cap{color:#69727d;border:3px solid;background-color:transparent}.elementor-widget-text-editor:not(.elementor-drop-cap-view-default) .elementor-drop-cap{margin-top:8px}.elementor-widget-text-editor:not(.elementor-drop-cap-view-default) .elementor-drop-cap-letter{width:1em;height:1em}.elementor-widget-text-editor .elementor-drop-cap{float:left;text-align:center;line-height:1;font-size:50px}.elementor-widget-text-editor .elementor-drop-cap-letter{display:inline-block}<\/style>\t\t\t\t<p>\u0130l tar\u0131m ve orman m\u00fcd\u00fcrl\u00fc\u011f\u00fc onayl\u0131 k\u00f6pek \u00fcretim \u00e7iftli\u011fimiz tam 10 ya\u015f\u0131nda.<\/p>\t\t\t\t\t\t<\/div>\n\t\t\t\t<\/div>\n\t\t\t\t\t<\/div>\n\t\t<\/div>\n\t\t\t\t\t\t\t<\/div>\n\t\t<\/section>\n\t\t\t\t\t<\/div>\n\t\t<\/div>\n\t\t\t\t\t\t\t<\/div>\n\t\t<\/section>\n\t\t\t\t<section class=\"elementor-section elementor-top-section elementor-element elementor-element-7137ac2 elementor-section-boxed elementor-section-height-default elementor-section-height-default\" data-id=\"7137ac2\" data-element_type=\"section\" data-settings=\"{&quot;background_background&quot;:&quot;classic&quot;}\">\n\t\t\t\t\t\t<div class=\"elementor-container elementor-column-gap-default\">\n\t\t\t\t\t<div class=\"elementor-column elementor-col-100 elementor-top-column elementor-element elementor-element-56590e2\" data-id=\"56590e2\" data-element_type=\"column\">\n\t\t\t<div class=\"elementor-widget-wrap elementor-element-populated\">\n\t\t\t\t\t\t\t\t<section class=\"elementor-section elementor-inner-section elementor-element elementor-element-1ac3ca7 elementor-section-content-middle elementor-section-boxed elementor-section-height-default elementor-section-height-default\" data-id=\"1ac3ca7\" data-element_type=\"section\">\n\t\t\t\t\t\t<div class=\"elementor-container elementor-column-gap-default\">\n\t\t\t\t\t<div class=\"elementor-column elementor-col-50 elementor-inner-column elementor-element elementor-element-4ee5aa0\" data-id=\"4ee5aa0\" data-element_type=\"column\">\n\t\t\t<div class=\"elementor-widget-wrap elementor-element-populated\">\n\t\t\t\t\t\t\t\t<div class=\"elementor-element elementor-element-cce8533 elementor-vertical-align-top elementor-widget elementor-widget-image-box\" data-id=\"cce8533\" data-element_type=\"widget\" data-widget_type=\"image-box.default\">\n\t\t\t\t<div class=\"elementor-widget-container\">\n\t\t\t<style>\/*! elementor - v3.18.0 - 20-12-2023 *\/\n.elementor-widget-image-box .elementor-image-box-content{width:100%}@media (min-width:768px){.elementor-widget-image-box.elementor-position-left .elementor-image-box-wrapper,.elementor-widget-image-box.elementor-position-right .elementor-image-box-wrapper{display:flex}.elementor-widget-image-box.elementor-position-right .elementor-image-box-wrapper{text-align:right;flex-direction:row-reverse}.elementor-widget-image-box.elementor-position-left .elementor-image-box-wrapper{text-align:left;flex-direction:row}.elementor-widget-image-box.elementor-position-top .elementor-image-box-img{margin:auto}.elementor-widget-image-box.elementor-vertical-align-top .elementor-image-box-wrapper{align-items:flex-start}.elementor-widget-image-box.elementor-vertical-align-middle .elementor-image-box-wrapper{align-items:center}.elementor-widget-image-box.elementor-vertical-align-bottom .elementor-image-box-wrapper{align-items:flex-end}}@media (max-width:767px){.elementor-widget-image-box .elementor-image-box-img{margin-left:auto!important;margin-right:auto!important;margin-bottom:15px}}.elementor-widget-image-box .elementor-image-box-img{display:inline-block}.elementor-widget-image-box .elementor-image-box-title a{color:inherit}.elementor-widget-image-box .elementor-image-box-wrapper{text-align:center}.elementor-widget-image-box .elementor-image-box-description{margin:0}<\/style><div class=\"elementor-image-box-wrapper\"><div class=\"elementor-image-box-content\"><h2 class=\"elementor-image-box-title\">K\u00f6pek \u00c7iftligi Hakk\u0131nda!<\/h2><\/div><\/div>\t\t<\/div>\n\t\t\t\t<\/div>\n\t\t\t\t<div class=\"elementor-element elementor-element-cacf346 elementor-widget elementor-widget-text-editor\" data-id=\"cacf346\" data-element_type=\"widget\" data-widget_type=\"text-editor.default\">\n\t\t\t\t<div class=\"elementor-widget-container\">\n\t\t\t\t\t\t\t<p>K\u00f6pek \u00e7iftlikleri, genellikle \u00fcretim ve bak\u0131m ama\u00e7l\u0131 olmalar\u0131 nedeniyle yerel y\u00f6netmeliklere ve kanunlara uygun olarak i\u015fletilmelidir. Bu, tesislerin hijyenik, sa\u011fl\u0131kl\u0131 ve g\u00fcvenli ko\u015fullarda olmas\u0131, k\u00f6peklerin d\u00fczenli olarak veteriner kontrol\u00fcnden ge\u00e7mesi, uygun a\u015f\u0131lar\u0131n\u0131n yap\u0131lmas\u0131 ve k\u00f6peklerin fiziksel ihtiya\u00e7lar\u0131n\u0131n kar\u015f\u0131lanmas\u0131 gibi kriterleri i\u00e7erir.<\/p><p>k\u00f6peklerin bar\u0131nd\u0131r\u0131lmas\u0131, beslenmesi ve e\u011fitimi i\u00e7in profesyonel e\u011fitmenlerin \u00e7al\u0131\u015ft\u0131\u011f\u0131 modern tesislerdir. Di\u011ferleri ise daha k\u00fc\u00e7\u00fck \u00f6l\u00e7ekli, aile i\u015fletmesi olarak y\u00f6netilen geleneksel tesislerdir. Ancak, her iki durumda da k\u00f6peklerin mutlu, sa\u011fl\u0131kl\u0131 ve iyi bak\u0131ml\u0131 olmas\u0131 \u00f6nemlidir.<\/p>\t\t\t\t\t\t<\/div>\n\t\t\t\t<\/div>\n\t\t\t\t\t<\/div>\n\t\t<\/div>\n\t\t\t\t<div class=\"elementor-column elementor-col-50 elementor-inner-column elementor-element elementor-element-0c90e31\" data-id=\"0c90e31\" data-element_type=\"column\">\n\t\t\t<div class=\"elementor-widget-wrap elementor-element-populated\">\n\t\t\t\t\t\t\t\t<div class=\"elementor-element elementor-element-ac858ad elementor-widget elementor-widget-image\" data-id=\"ac858ad\" data-element_type=\"widget\" data-widget_type=\"image.default\">\n\t\t\t\t<div class=\"elementor-widget-container\">\n\t\t\t\t\t\t\t\t\t\t\t\t\t\t\t<img decoding=\"async\" width=\"936\" height=\"767\" src=\"https:\/\/golgekopekciftligi.com\/wp-content\/uploads\/2021\/03\/girl-with-dog-1.png\" class=\"attachment-large size-large wp-image-542\" alt=\"\" srcset=\"https:\/\/golgekopekciftligi.com\/wp-content\/uploads\/2021\/03\/girl-with-dog-1.png 936w, https:\/\/golgekopekciftligi.com\/wp-content\/uploads\/2021\/03\/girl-with-dog-1-300x246.png 300w, https:\/\/golgekopekciftligi.com\/wp-content\/uploads\/2021\/03\/girl-with-dog-1-768x629.png 768w\" sizes=\"(max-width: 936px) 100vw, 936px\" \/>\t\t\t\t\t\t\t\t\t\t\t\t\t\t\t<\/div>\n\t\t\t\t<\/div>\n\t\t\t\t\t<\/div>\n\t\t<\/div>\n\t\t\t\t\t\t\t<\/div>\n\t\t<\/section>\n\t\t\t\t\t<\/div>\n\t\t<\/div>\n\t\t\t\t\t\t\t<\/div>\n\t\t<\/section>\n\t\t\t\t\t\t\t<\/div>\n\t\t","protected":false},"excerpt":{"rendered":"<p>G\u00f6lge K\u00f6pek \u00c7itli\u011fi \u0130l tar\u0131m ve orman m\u00fcd\u00fcrl\u00fc\u011f\u00fc onayl\u0131 k\u00f6pek \u00fcretim \u00e7iftli\u011fimiz tam 10 ya\u015f\u0131nda. K\u00f6pek \u00c7iftligi Hakk\u0131nda! K\u00f6pek \u00e7iftlikleri, genellikle \u00fcretim ve bak\u0131m ama\u00e7l\u0131 olmalar\u0131 nedeniyle yerel y\u00f6netmeliklere ve kanunlara uygun olarak i\u015fletilmelidir. Bu, tesislerin hijyenik, sa\u011fl\u0131kl\u0131 ve g\u00fcvenli ko\u015fullarda olmas\u0131, k\u00f6peklerin d\u00fczenli olarak veteriner kontrol\u00fcnden ge\u00e7mesi, uygun a\u015f\u0131lar\u0131n\u0131n yap\u0131lmas\u0131 ve k\u00f6peklerin fiziksel ihtiya\u00e7lar\u0131n\u0131n &hellip;<\/p>\n<p class=\"read-more\"> <a class=\"\" href=\"https:\/\/golgekopekciftligi.com\/?page_id=18\"> <span class=\"screen-reader-text\">Services<\/span> Devam\u0131 &raquo;<\/a><\/p>\n","protected":false},"author":1,"featured_media":0,"parent":0,"menu_order":0,"comment_status":"closed","ping_status":"closed","template":"","meta":{"site-sidebar-layout":"no-sidebar","site-content-layout":"page-builder","ast-global-header-display":"","ast-main-header-display":"","ast-hfb-above-header-display":"","ast-hfb-below-header-display":"","ast-hfb-mobile-header-display":"","site-post-title":"disabled","ast-breadcrumbs-content":"","ast-featured-img":"disabled","footer-sml-layout":"","theme-transparent-header-meta":"default","adv-header-id-meta":"","stick-header-meta":"","header-above-stick-meta":"","header-main-stick-meta":"","header-below-stick-meta":"","_joinchat":[],"footnotes":""},"class_list":["post-18","page","type-page","status-publish","hentry"],"_links":{"self":[{"href":"https:\/\/golgekopekciftligi.com\/index.php?rest_route=\/wp\/v2\/pages\/18","targetHints":{"allow":["GET"]}}],"collection":[{"href":"https:\/\/golgekopekciftligi.com\/index.php?rest_route=\/wp\/v2\/pages"}],"about":[{"href":"https:\/\/golgekopekciftligi.com\/index.php?rest_route=\/wp\/v2\/types\/page"}],"author":[{"embeddable":true,"href":"https:\/\/golgekopekciftligi.com\/index.php?rest_route=\/wp\/v2\/users\/1"}],"replies":[{"embeddable":true,"href":"https:\/\/golgekopekciftligi.com\/index.php?rest_route=%2Fwp%2Fv2%2Fcomments&post=18"}],"version-history":[{"count":14,"href":"https:\/\/golgekopekciftligi.com\/index.php?rest_route=\/wp\/v2\/pages\/18\/revisions"}],"predecessor-version":[{"id":841,"href":"https:\/\/golgekopekciftligi.com\/index.php?rest_route=\/wp\/v2\/pages\/18\/revisions\/841"}],"wp:attachment":[{"href":"https:\/\/golgekopekciftligi.com\/index.php?rest_route=%2Fwp%2Fv2%2Fmedia&parent=18"}],"curies":[{"name":"wp","href":"https:\/\/api.w.org\/{rel}","templated":true}]}}